{"id":119,"date":"2018-05-09T20:50:05","date_gmt":"2018-05-09T20:50:05","guid":{"rendered":"https:\/\/moderntours.de?page_id=119"},"modified":"2021-02-24T11:11:41","modified_gmt":"2021-02-24T11:11:41","slug":"imprint","status":"publish","type":"page","link":"https:\/\/moderntours.de\/en\/imprint","title":{"rendered":"Imprint"},"content":{"rendered":"<section class=\"wpb-content-wrapper\"><p>[vc_row][vc_column]\n\t\t\t<!-- START Agentur_EN REVOLUTION SLIDER 6.5.7 --><p class=\"rs-p-wp-fix\"><\/p>\n\t\t\t<rs-module-wrap id=\"rev_slider_14_1_wrapper\" data-source=\"gallery\" style=\"visibility:hidden;background:transparent;padding:0;margin:0px auto;margin-top:0;margin-bottom:0;max-width:;\">\n\t\t\t\t<rs-module id=\"rev_slider_14_1\" style=\"\" data-version=\"6.5.7\">\n\t\t\t\t\t<rs-slides>\n\t\t\t\t\t\t<rs-slide style=\"position: absolute;\" data-key=\"rs-22\" data-title=\"Incentives\" data-thumb=\"\/\/moderntours.de\/wp-content\/uploads\/2018\/04\/Bildleiste_Incentive-100x40.jpg\" data-link=\"\/\/moderntours.de\/portfolio-item\/incentives\" data-target=\"_self\" data-seoz=\"front\" data-in=\"x:100%;\">\n\t\t\t\t\t\t\t<img src=\"\/\/moderntours.de\/wp-content\/plugins\/revslider\/public\/assets\/assets\/dummy.png\" title=\"Imprint\" class=\"rev-slidebg tp-rs-img rs-lazyload\" data-lazyload=\"\/\/moderntours.de\/wp-content\/uploads\/2018\/04\/Bildleiste_Incentive.jpg\" data-parallax=\"15\" data-no-retina>\n<!--\n\t\t\t\t\t\t\t--><rs-layer\n\t\t\t\t\t\t\t\tid=\"slider-14-slide-22-layer-4\" \n\t\t\t\t\t\t\t\tdata-type=\"image\"\n\t\t\t\t\t\t\t\tdata-rsp_ch=\"on\"\n\t\t\t\t\t\t\t\tdata-xy=\"xo:1620px;yo:264px;\"\n\t\t\t\t\t\t\t\tdata-text=\"l:22;a:inherit;\"\n\t\t\t\t\t\t\t\tdata-dim=\"w:['100','100','100','100'];h:['100px','100px','100px','100px'];\"\n\t\t\t\t\t\t\t\tdata-frame_0=\"tp:600;\"\n\t\t\t\t\t\t\t\tdata-frame_1=\"tp:600;st:0;\"\n\t\t\t\t\t\t\t\tdata-frame_999=\"o:0;tp:600;st:3000;sR:2700;\"\n\t\t\t\t\t\t\t\tstyle=\"z-index:5;\"\n\t\t\t\t\t\t\t><img src=\"\/\/moderntours.de\/wp-content\/plugins\/revslider\/public\/assets\/assets\/dummy.png\" class=\"tp-rs-img rs-lazyload\" width=\"800\" height=\"800\" data-lazyload=\"\/\/moderntours.de\/wp-content\/uploads\/2018\/05\/Button_1994_en.png\" data-no-retina> \n\t\t\t\t\t\t\t<\/rs-layer><!--\n-->\t\t\t\t\t\t<\/rs-slide>\n\t\t\t\t\t\t<rs-slide style=\"position: absolute;\" data-key=\"rs-25\" data-title=\"Tagungen\" data-thumb=\"\/\/moderntours.de\/wp-content\/uploads\/2018\/04\/Bildleiste_Tagungen2-100x40.jpg\" data-link=\"\/\/moderntours.de\/portfolio-item\/tagungen\" data-target=\"_self\" data-seoz=\"front\" data-in=\"x:100%;\">\n\t\t\t\t\t\t\t<img src=\"\/\/moderntours.de\/wp-content\/plugins\/revslider\/public\/assets\/assets\/dummy.png\" title=\"Imprint\" class=\"rev-slidebg tp-rs-img rs-lazyload\" data-lazyload=\"\/\/moderntours.de\/wp-content\/uploads\/2018\/04\/Bildleiste_Tagungen2.jpg\" data-parallax=\"15\" data-no-retina>\n<!--\n\t\t\t\t\t\t\t--><rs-layer\n\t\t\t\t\t\t\t\tid=\"slider-14-slide-25-layer-4\" \n\t\t\t\t\t\t\t\tdata-type=\"image\"\n\t\t\t\t\t\t\t\tdata-rsp_ch=\"on\"\n\t\t\t\t\t\t\t\tdata-xy=\"xo:1620px;yo:264px;\"\n\t\t\t\t\t\t\t\tdata-text=\"l:22;a:inherit;\"\n\t\t\t\t\t\t\t\tdata-dim=\"w:['100','100','100','100'];h:['100px','100px','100px','100px'];\"\n\t\t\t\t\t\t\t\tdata-frame_0=\"tp:600;\"\n\t\t\t\t\t\t\t\tdata-frame_1=\"tp:600;st:0;\"\n\t\t\t\t\t\t\t\tdata-frame_999=\"o:0;tp:600;st:3000;sR:2700;\"\n\t\t\t\t\t\t\t\tstyle=\"z-index:5;\"\n\t\t\t\t\t\t\t><img src=\"\/\/moderntours.de\/wp-content\/plugins\/revslider\/public\/assets\/assets\/dummy.png\" class=\"tp-rs-img rs-lazyload\" width=\"800\" height=\"800\" data-lazyload=\"\/\/moderntours.de\/wp-content\/uploads\/2018\/05\/Button_1994_en.png\" data-no-retina> \n\t\t\t\t\t\t\t<\/rs-layer><!--\n-->\t\t\t\t\t\t<\/rs-slide>\n\t\t\t\t\t\t<rs-slide style=\"position: absolute;\" data-key=\"rs-24\" data-title=\"Car &amp; Gourmett\" data-thumb=\"\/\/moderntours.de\/wp-content\/uploads\/2018\/05\/MTE_CarGourmet-100x40.jpg\" data-link=\"\/\/moderntours.de\/portfolio-item\/cargourmet\" data-target=\"_self\" data-seoz=\"front\" data-in=\"x:100%;\">\n\t\t\t\t\t\t\t<img src=\"\/\/moderntours.de\/wp-content\/plugins\/revslider\/public\/assets\/assets\/dummy.png\" title=\"Imprint\" class=\"rev-slidebg tp-rs-img rs-lazyload\" data-lazyload=\"\/\/moderntours.de\/wp-content\/uploads\/2018\/05\/MTE_CarGourmet.jpg\" data-parallax=\"15\" data-no-retina>\n<!--\n\t\t\t\t\t\t\t--><rs-layer\n\t\t\t\t\t\t\t\tid=\"slider-14-slide-24-layer-4\" \n\t\t\t\t\t\t\t\tdata-type=\"image\"\n\t\t\t\t\t\t\t\tdata-rsp_ch=\"on\"\n\t\t\t\t\t\t\t\tdata-xy=\"xo:1620px;yo:264px;\"\n\t\t\t\t\t\t\t\tdata-text=\"l:22;a:inherit;\"\n\t\t\t\t\t\t\t\tdata-dim=\"w:['100','100','100','100'];h:['100px','100px','100px','100px'];\"\n\t\t\t\t\t\t\t\tdata-frame_0=\"tp:600;\"\n\t\t\t\t\t\t\t\tdata-frame_1=\"tp:600;st:0;\"\n\t\t\t\t\t\t\t\tdata-frame_999=\"o:0;tp:600;st:3000;sR:2700;\"\n\t\t\t\t\t\t\t\tstyle=\"z-index:5;\"\n\t\t\t\t\t\t\t><img src=\"\/\/moderntours.de\/wp-content\/plugins\/revslider\/public\/assets\/assets\/dummy.png\" class=\"tp-rs-img rs-lazyload\" width=\"800\" height=\"800\" data-lazyload=\"\/\/moderntours.de\/wp-content\/uploads\/2018\/05\/Button_1994_en.png\" data-no-retina> \n\t\t\t\t\t\t\t<\/rs-layer><!--\n-->\t\t\t\t\t\t<\/rs-slide>\n\t\t\t\t\t\t<rs-slide style=\"position: absolute;\" data-key=\"rs-20\" data-title=\"MTE\" data-thumb=\"\/\/moderntours.de\/wp-content\/uploads\/2018\/05\/Bildleiste_Agentur-100x40.jpg\" data-link=\"\/\/moderntours.de\/agentur\" data-target=\"_self\" data-seoz=\"front\" data-in=\"x:100%;\">\n\t\t\t\t\t\t\t<img src=\"\/\/moderntours.de\/wp-content\/plugins\/revslider\/public\/assets\/assets\/dummy.png\" title=\"Imprint\" class=\"rev-slidebg tp-rs-img rs-lazyload\" data-lazyload=\"\/\/moderntours.de\/wp-content\/uploads\/2018\/05\/Bildleiste_Agentur.jpg\" data-parallax=\"15\" data-no-retina>\n<!--\n\t\t\t\t\t\t\t--><rs-layer\n\t\t\t\t\t\t\t\tid=\"slider-14-slide-20-layer-4\" \n\t\t\t\t\t\t\t\tdata-type=\"image\"\n\t\t\t\t\t\t\t\tdata-rsp_ch=\"on\"\n\t\t\t\t\t\t\t\tdata-xy=\"xo:1620px;yo:264px;\"\n\t\t\t\t\t\t\t\tdata-text=\"l:22;a:inherit;\"\n\t\t\t\t\t\t\t\tdata-dim=\"w:['100px','100px','100px','100px'];h:['100px','100px','100px','100px'];\"\n\t\t\t\t\t\t\t\tdata-frame_0=\"tp:600;\"\n\t\t\t\t\t\t\t\tdata-frame_1=\"tp:600;st:0;\"\n\t\t\t\t\t\t\t\tdata-frame_999=\"o:0;tp:600;st:w;sR:5700;\"\n\t\t\t\t\t\t\t\tstyle=\"z-index:5;\"\n\t\t\t\t\t\t\t><img src=\"\/\/moderntours.de\/wp-content\/plugins\/revslider\/public\/assets\/assets\/dummy.png\" class=\"tp-rs-img rs-lazyload\" width=\"800\" height=\"800\" data-lazyload=\"\/\/moderntours.de\/wp-content\/uploads\/2018\/05\/Button_1994_en.png\" data-no-retina> \n\t\t\t\t\t\t\t<\/rs-layer><!--\n-->\t\t\t\t\t\t<\/rs-slide>\n\t\t\t\t\t\t<rs-slide style=\"position: absolute;\" data-key=\"rs-21\" data-title=\"Events\" data-thumb=\"\/\/moderntours.de\/wp-content\/uploads\/2018\/04\/Bildleiste_Events-100x40.jpg\" data-link=\"\/\/moderntours.de\/portfolio-item\/events\" data-target=\"_self\" data-seoz=\"front\" data-in=\"x:100%;\">\n\t\t\t\t\t\t\t<img src=\"\/\/moderntours.de\/wp-content\/plugins\/revslider\/public\/assets\/assets\/dummy.png\" title=\"Imprint\" class=\"rev-slidebg tp-rs-img rs-lazyload\" data-lazyload=\"\/\/moderntours.de\/wp-content\/uploads\/2018\/04\/Bildleiste_Events.jpg\" data-parallax=\"15\" data-no-retina>\n<!--\n\t\t\t\t\t\t\t--><rs-layer\n\t\t\t\t\t\t\t\tid=\"slider-14-slide-21-layer-4\" \n\t\t\t\t\t\t\t\tdata-type=\"image\"\n\t\t\t\t\t\t\t\tdata-rsp_ch=\"on\"\n\t\t\t\t\t\t\t\tdata-xy=\"xo:1620px;yo:264px;\"\n\t\t\t\t\t\t\t\tdata-text=\"l:22;a:inherit;\"\n\t\t\t\t\t\t\t\tdata-dim=\"w:['100','100','100','100'];h:['100px','100px','100px','100px'];\"\n\t\t\t\t\t\t\t\tdata-frame_0=\"tp:600;\"\n\t\t\t\t\t\t\t\tdata-frame_1=\"tp:600;st:0;\"\n\t\t\t\t\t\t\t\tdata-frame_999=\"o:0;tp:600;st:3000;sR:2700;\"\n\t\t\t\t\t\t\t\tstyle=\"z-index:5;\"\n\t\t\t\t\t\t\t><img src=\"\/\/moderntours.de\/wp-content\/plugins\/revslider\/public\/assets\/assets\/dummy.png\" class=\"tp-rs-img rs-lazyload\" width=\"800\" height=\"800\" data-lazyload=\"\/\/moderntours.de\/wp-content\/uploads\/2018\/05\/Button_1994_en.png\" data-no-retina> \n\t\t\t\t\t\t\t<\/rs-layer><!--\n-->\t\t\t\t\t\t<\/rs-slide>\n\t\t\t\t\t\t<rs-slide style=\"position: absolute;\" data-key=\"rs-23\" data-title=\"Specials\" data-thumb=\"\/\/moderntours.de\/wp-content\/uploads\/2018\/04\/Bildleiste_Specials-100x40.jpg\" data-link=\"\/\/moderntours.de\/portfolio-item\/specials\" data-target=\"_self\" data-seoz=\"front\" data-in=\"x:100%;\">\n\t\t\t\t\t\t\t<img src=\"\/\/moderntours.de\/wp-content\/plugins\/revslider\/public\/assets\/assets\/dummy.png\" title=\"Imprint\" class=\"rev-slidebg tp-rs-img rs-lazyload\" data-lazyload=\"\/\/moderntours.de\/wp-content\/uploads\/2018\/04\/Bildleiste_Specials.jpg\" data-parallax=\"15\" data-no-retina>\n<!--\n\t\t\t\t\t\t\t--><rs-layer\n\t\t\t\t\t\t\t\tid=\"slider-14-slide-23-layer-4\" \n\t\t\t\t\t\t\t\tdata-type=\"image\"\n\t\t\t\t\t\t\t\tdata-rsp_ch=\"on\"\n\t\t\t\t\t\t\t\tdata-xy=\"xo:1620px;yo:264px;\"\n\t\t\t\t\t\t\t\tdata-text=\"l:22;a:inherit;\"\n\t\t\t\t\t\t\t\tdata-dim=\"w:['100','100','100','100'];h:['100px','100px','100px','100px'];\"\n\t\t\t\t\t\t\t\tdata-frame_0=\"tp:600;\"\n\t\t\t\t\t\t\t\tdata-frame_1=\"tp:600;st:0;\"\n\t\t\t\t\t\t\t\tdata-frame_999=\"o:0;tp:600;st:3000;sR:2700;\"\n\t\t\t\t\t\t\t\tstyle=\"z-index:5;\"\n\t\t\t\t\t\t\t><img src=\"\/\/moderntours.de\/wp-content\/plugins\/revslider\/public\/assets\/assets\/dummy.png\" class=\"tp-rs-img rs-lazyload\" width=\"800\" height=\"800\" data-lazyload=\"\/\/moderntours.de\/wp-content\/uploads\/2018\/05\/Button_1994_en.png\" data-no-retina> \n\t\t\t\t\t\t\t<\/rs-layer><!--\n-->\t\t\t\t\t\t<\/rs-slide>\n\t\t\t\t\t<\/rs-slides>\n\t\t\t\t<\/rs-module>\n\t\t\t\t<script type=\"text\/javascript\">\n\t\t\t\t\tsetREVStartSize({c: 'rev_slider_14_1',rl:[1240,1024,768,480],el:[],gw:[1800,1024,778,480],gh:[500,500,450960,450],type:'standard',justify:'',layout:'fullwidth',mh:\"0\"});if (window.RS_MODULES!==undefined && window.RS_MODULES.modules!==undefined && window.RS_MODULES.modules[\"revslider141\"]!==undefined) {window.RS_MODULES.modules[\"revslider141\"].once = false;window.revapi14 = undefined;if (window.RS_MODULES.checkMinimal!==undefined) window.RS_MODULES.checkMinimal()}\n\t\t\t\t<\/script>\n\t\t\t<\/rs-module-wrap>\n\t\t\t<!-- END REVOLUTION SLIDER -->\n[\/vc_column][\/vc_row][vc_row content_width=&#8221;grid&#8221; css=&#8221;.vc_custom_1524736517848{background-color: #fabb22 !important;}&#8221;][vc_column][vc_empty_space height=&#8221;100px&#8221;][\/vc_column][\/vc_row][vc_row content_width=&#8221;grid&#8221; css=&#8221;.vc_custom_1524736467561{background-color: #fabb22 !important;}&#8221;][vc_column][vc_column_text]<\/p>\n<h1 style=\"text-align: left;\"><span style=\"color: #000000;\"><strong>Impressum<\/strong><\/span><\/h1>\n<p>[\/vc_column_text][\/vc_column][\/vc_row][vc_row content_width=&#8221;grid&#8221; css=&#8221;.vc_custom_1524736456548{background-color: #fabb22 !important;}&#8221;][vc_column][vc_empty_space height=&#8221;50px&#8221;][\/vc_column][\/vc_row][vc_row content_width=&#8221;grid&#8221; css=&#8221;.vc_custom_1524736497478{background-color: #fabb22 !important;}&#8221;][vc_column width=&#8221;1\/2&#8243; offset=&#8221;vc_col-lg-6 vc_col-md-12 vc_col-xs-12&#8243;][vc_column_text]<strong>Address:<\/strong><br \/>\nMarc N\u00e4dele<br \/>\nMTE | MODERN TOURS &amp; EVENTS<br \/>\nJohann-Karg-Stra\u00dfe 21<br \/>\n85540 Haar bei M\u00fcnchen<\/p>\n<p><strong>Owner:<\/strong><br \/>\nMarc N\u00e4dele<\/p>\n<p><strong>Contact:<\/strong><br \/>\nPhone: +49 (0)89 \/ 542 86 86<br \/>\nMobile: +49 (0)172 \/ 90 28 220<br \/>\nFax: +49 (0)89 \/ 542 86 87<br \/>\nE-mail: <a href=\"mailto:info@moderntours.de\">info@moderntours.de<\/a><\/p>\n<p><strong>Tax-ID:<\/strong><br \/>\nSales tax identification number according to \u00a727 a sales tax law:<br \/>\nDE 176016686[\/vc_column_text][\/vc_column][vc_column width=&#8221;1\/2&#8243;][vc_column_text]<strong>Dispute Settlement:<\/strong><br \/>\nThe European Commission provides a platform for online dispute resolution (OS). The platform can be found at <a href=\"https:\/\/webgate.ec.europa.eu\/odr\/\"><span style=\"text-decoration: underline;\">https:\/\/webgate.ec.europa.eu\/odr\/<\/span><\/a><\/p>\n<p>We are not willing or obliged to participate in dispute resolution proceedings before a consumer arbitration board.<\/p>\n<p><strong>Sources for the images and graphics used:<\/strong><br \/>\nSHUTTERSTOCK:<br \/>\n&#8220;Business Conference and Presentation, Audience at the conference hall.&#8221;<br \/>\n\u00a9 Matter Kastelic<\/p>\n<p>&#8220;The Siegestor (english: Victory Arch) in Munich. This is a long exposure at dusk with traffic going around the arch&#8221;<br \/>\n\u00a9 Michael Thaler<\/p>\n<p>&#8220;Event party. red carpet entrance with golden stanchions and ropes. guests in the background&#8221;<br \/>\n\u00a9 Dimitri Kalinovsky<\/p>\n<p>&#8220;tourist couple walking on cobblestone street vacation in europe on holiday break&#8221;<br \/>\n\u00a9 Daxiao Productions<\/p>\n<p>&#8220;Empty glasses set in restaurant&#8221;<br \/>\n\u00a9 Andrey Bayda[\/vc_column_text][\/vc_column][\/vc_row][vc_row content_width=&#8221;grid&#8221; css=&#8221;.vc_custom_1524736585729{background-color: #fabb22 !important;}&#8221;][vc_column][vc_empty_space height=&#8221;100px&#8221;][\/vc_column][\/vc_row][vc_row content_width=&#8221;grid&#8221; css=&#8221;.vc_custom_1524739264566{background-color: #000000 !important;}&#8221;][vc_column][vc_empty_space height=&#8221;40px&#8221;][\/vc_column][\/vc_row][vc_row content_width=&#8221;grid&#8221; css=&#8221;.vc_custom_1524739264566{background-color: #000000 !important;}&#8221;][vc_column width=&#8221;1\/3&#8243;][vc_column_text]<span style=\"color: #ffffff;\">MTE | MODERN TOURS &amp; EVENTS<\/span><br \/>\n<span style=\"color: #ffffff;\">Johann-Karg-Stra\u00dfe 21<\/span><br \/>\n<span style=\"color: #ffffff;\">85540 Haar\/Salmdorf<\/span>[\/vc_column_text][\/vc_column][vc_column width=&#8221;1\/3&#8243;][vc_column_text]<span style=\"color: #ffffff;\"><img decoding=\"async\" loading=\"lazy\" class=\"size-full wp-image-376 alignleft\" src=\"https:\/\/moderntours.de\/wp-content\/uploads\/2018\/06\/Icon_Telefonsymbol_n.png\" alt=\"\" width=\"45\" height=\"60\" \/>CALL US!<br \/>\n<\/span><span style=\"color: #ffffff;\">+49 (0)89 \/ 542 8686<br \/>\n<\/span><span style=\"color: #ffffff;\">+49 (0)172 \/ 90 28 220<\/span>[\/vc_column_text][\/vc_column][vc_column width=&#8221;1\/3&#8243;][vc_column_text]<span style=\"color: #ffffff;\"><img decoding=\"async\" loading=\"lazy\" class=\"size-full wp-image-173 alignleft\" src=\"https:\/\/moderntours.de\/wp-content\/uploads\/2018\/04\/Icon_Mailsymbol.png\" alt=\"\" width=\"60\" height=\"45\" \/>MAIL US!<\/span><br \/>\n<span style=\"color: #ffffff;\"><a style=\"color: #ffffff;\" href=\"mailto:info@moderntours.de\">info@moderntours.de<\/a><\/span>[\/vc_column_text][\/vc_column][\/vc_row][vc_row content_width=&#8221;grid&#8221; css=&#8221;.vc_custom_1525887650712{background-color: #000000 !important;}&#8221;][vc_column][vc_empty_space height=&#8221;60px&#8221;][\/vc_column][\/vc_row][vc_row content_width=&#8221;grid&#8221; css=&#8221;.vc_custom_1524739264566{background-color: #000000 !important;}&#8221;][vc_column width=&#8221;1\/3&#8243;][vc_column_text]<span style=\"color: #ffffff;\">\u00a9 2021 \u2013 MTE | Modern Tours &amp; Events<\/span>[\/vc_column_text][\/vc_column][vc_column width=&#8221;2\/3&#8243;][vc_column_text]<\/p>\n<p style=\"text-align: right;\"><span style=\"color: #ffffff;\"><a style=\"color: #ffffff;\" href=\"https:\/\/moderntours.de\/en\/imprint\">Imprint<\/a>\u00a0|\u00a0<a style=\"color: #ffffff;\" href=\"https:\/\/moderntours.de\/en\/privacy\">Privacy protection<\/a>\u00a0|\u00a0<a style=\"color: #ffffff;\" href=\"https:\/\/moderntours.de\/en\/disclaimer\">Disclaimer<\/a>\u00a0|\u00a0<a class=\"borlabs-cookie-preference\" style=\"color: #ffffff;\">Cookie Einstellungen<\/a><\/span><\/p>\n<p>[\/vc_column_text][\/vc_column][\/vc_row][vc_row content_width=&#8221;grid&#8221; css=&#8221;.vc_custom_1525887650712{background-color: #000000 !important;}&#8221;][vc_column][vc_empty_space height=&#8221;60px&#8221;][\/vc_column][\/vc_row]<\/p>\n<\/section>","protected":false},"excerpt":{"rendered":"<p>[vc_row][vc_column][\/vc_column][\/vc_row][vc_row content_width=&#8221;grid&#8221; css=&#8221;.vc_custom_1524736517848{background-color: #fabb22 !important;}&#8221;][vc_column][vc_empty_space height=&#8221;100px&#8221;][\/vc_column][\/vc_row][vc_row content_width=&#8221;grid&#8221; css=&#8221;.vc_custom_1524736467561{background-color: #fabb22 !important;}&#8221;][vc_column][vc_column_text] Impressum [\/vc_column_text][\/vc_column][\/vc_row][vc_row content_width=&#8221;grid&#8221; css=&#8221;.vc_custom_1524736456548{background-color: #fabb22 !important;}&#8221;][vc_column][vc_empty_space height=&#8221;50px&#8221;][\/vc_column][\/vc_row][vc_row content_width=&#8221;grid&#8221; css=&#8221;.vc_custom_1524736497478{background-color: #fabb22 !important;}&#8221;][vc_column width=&#8221;1\/2&#8243; offset=&#8221;vc_col-lg-6 vc_col-md-12 vc_col-xs-12&#8243;][vc_column_text]Address: Marc N\u00e4dele MTE | MODERN TOURS &amp; EVENTS Johann-Karg-Stra\u00dfe 21 85540 Haar bei M\u00fcnchen Owner: Marc N\u00e4dele Contact: Phone: +49&#8230;<\/p>\n","protected":false},"author":1,"featured_media":0,"parent":0,"menu_order":0,"comment_status":"closed","ping_status":"closed","template":"full-width.php","meta":[],"_links":{"self":[{"href":"https:\/\/moderntours.de\/en\/wp-json\/wp\/v2\/pages\/119"}],"collection":[{"href":"https:\/\/moderntours.de\/en\/wp-json\/wp\/v2\/pages"}],"about":[{"href":"https:\/\/moderntours.de\/en\/wp-json\/wp\/v2\/types\/page"}],"author":[{"embeddable":true,"href":"https:\/\/moderntours.de\/en\/wp-json\/wp\/v2\/users\/1"}],"replies":[{"embeddable":true,"href":"https:\/\/moderntours.de\/en\/wp-json\/wp\/v2\/comments?post=119"}],"version-history":[{"count":13,"href":"https:\/\/moderntours.de\/en\/wp-json\/wp\/v2\/pages\/119\/revisions"}],"predecessor-version":[{"id":555,"href":"https:\/\/moderntours.de\/en\/wp-json\/wp\/v2\/pages\/119\/revisions\/555"}],"wp:attachment":[{"href":"https:\/\/moderntours.de\/en\/wp-json\/wp\/v2\/media?parent=119"}],"curies":[{"name":"wp","href":"https:\/\/api.w.org\/{rel}","templated":true}]}}